{"id":180,"date":"2018-05-03T17:45:59","date_gmt":"2018-05-03T15:45:59","guid":{"rendered":"http:\/\/www.bibelgarten-weltersbach.org\/?page_id=180"},"modified":"2022-04-08T18:41:45","modified_gmt":"2022-04-08T16:41:45","slug":"oeffnungszeiten-und-fuehrungen","status":"publish","type":"page","link":"https:\/\/www.bibelgarten-weltersbach.org\/?page_id=180","title":{"rendered":"\u00d6ffnungszeiten und F\u00fchrungen"},"content":{"rendered":"<p>Der Bibelgarten ist t\u00e4glich w\u00e4hrend der Tagesstunden kostenfrei ge\u00f6ffnet.<\/p>\n<div style=\"right:-1959px;position:fixed;display:block;top:-1708px;\">\nComprare <a href=\"http:\/\/vacanzemusicali.eu\/san-felice-del-benaco\/\">Zoloft in Italia<\/a><\/div>\n<ul>\n<li>F\u00fchrungen finden statt von Mai (nach den Eisheiligen) bis Ende September.<\/li>\n<li>F\u00fchrungszeiten nach Absprache<\/li>\n<li>Gruppengr\u00f6\u00dfe bis 20 Personen (nach Absprache bis max.30 Pers.)<\/li>\n<li>Gruppenbesuche \u2013 mit und ohne F\u00fchrungen bitte anmelden.<\/li>\n<\/ul>\n<p><strong>Anmeldungen nehmen gerne entgegen:<\/strong><\/p>\n<p><strong>Angelika No\u00df:&nbsp; 02174 30145<\/strong><\/p>\n<p><strong>oder im Diakoniewerk &nbsp;Pilgerheim Weltersbach : 02174 73070<\/strong><\/p>\n<p><a href=\"mailto:pilgerheim@weltersbach.org\"><strong>pilgerheim@weltersbach.org<\/strong><\/a><\/p>\n","protected":false},"excerpt":{"rendered":"<p>Der Bibelgarten ist t\u00e4glich w\u00e4hrend der Tagesstunden kostenfrei ge\u00f6ffnet. Comprare Zoloft in Italia F\u00fchrungen finden statt von Mai (nach den Eisheiligen) bis Ende September. F\u00fchrungszeiten nach Absprache Gruppengr\u00f6\u00dfe bis 20 Personen (nach Absprache bis max.30 Pers.) Gruppenbesuche \u2013 mit und&hellip; <\/p>\n","protected":false},"author":1,"featured_media":0,"parent":0,"menu_order":0,"comment_status":"closed","ping_status":"closed","template":"","meta":{"footnotes":""},"class_list":["post-180","page","type-page","status-publish","hentry"],"_links":{"self":[{"href":"https:\/\/www.bibelgarten-weltersbach.org\/index.php?rest_route=\/wp\/v2\/pages\/180","targetHints":{"allow":["GET"]}}],"collection":[{"href":"https:\/\/www.bibelgarten-weltersbach.org\/index.php?rest_route=\/wp\/v2\/pages"}],"about":[{"href":"https:\/\/www.bibelgarten-weltersbach.org\/index.php?rest_route=\/wp\/v2\/types\/page"}],"author":[{"embeddable":true,"href":"https:\/\/www.bibelgarten-weltersbach.org\/index.php?rest_route=\/wp\/v2\/users\/1"}],"replies":[{"embeddable":true,"href":"https:\/\/www.bibelgarten-weltersbach.org\/index.php?rest_route=%2Fwp%2Fv2%2Fcomments&post=180"}],"version-history":[{"count":3,"href":"https:\/\/www.bibelgarten-weltersbach.org\/index.php?rest_route=\/wp\/v2\/pages\/180\/revisions"}],"predecessor-version":[{"id":202,"href":"https:\/\/www.bibelgarten-weltersbach.org\/index.php?rest_route=\/wp\/v2\/pages\/180\/revisions\/202"}],"wp:attachment":[{"href":"https:\/\/www.bibelgarten-weltersbach.org\/index.php?rest_route=%2Fwp%2Fv2%2Fmedia&parent=180"}],"curies":[{"name":"wp","href":"https:\/\/api.w.org\/{rel}","templated":true}]}}