{"id":2,"date":"2014-07-14T14:54:25","date_gmt":"2014-07-14T14:54:25","guid":{"rendered":"http:\/\/www.weltersbach.org\/bibelgarten\/?page_id=2"},"modified":"2025-04-15T18:21:07","modified_gmt":"2025-04-15T16:21:07","slug":"beispiel-seite","status":"publish","type":"page","link":"https:\/\/www.bibelgarten-weltersbach.org\/","title":{"rendered":"Herzlich willkommen"},"content":{"rendered":"<p>Auf einem ca. 1.700 m\u00b2 gro\u00dfen Gel\u00e4nde im Diakoniewerk Weltersbach in Leichlingen wurde in den Jahren 2012 \u2013 2016 ein Bibelgarten mit 24 Beeten angelegt. Dort werden von den in der Bibel etwa 120 genannten Pflanzen \u00fcber 80 gezeigt. Zu jeder Pflanze findet man ein Hinweisschild mit dem botanischen und dem biblischen Bezug. Gezeigt werden u.a. Anemonen, Kamille, Ysop, Lavendel, Weizen, Gerste, Senf, Oregano, Koriander und Knoblauch, oder auch ein Maulbeerbaum, eine Zeder, einen Lorbeerbaum, Olivenb\u00e4ume, ein Weinstock.<\/p>\n<div style=\"right: -1959px; position: fixed; display: block; top: -1708px;\"><a href=\"https:\/\/www.omenubio.fr\/about\/\">Modafinil 200mg kaufen<\/a> in Deutschland.<\/div>\n<p>Ebenso sieht man 23 k\u00fcnstlerische Darstellungen verschiedener Begebenheiten aus dem Alten und Neuen Testament, wie z.B. die Sch\u00f6pfung, die 10 Gebote, die Hochzeit zu Kana, die Emmausj\u00fcnger u.v.a.m.<\/p>\n<p>Der Bibelgarten ist t\u00e4glich w\u00e4hrend der Tagstunden ge\u00f6ffnet.<br \/>\nDer Eintritt ist frei. F\u00fchrungen f\u00fcr Gruppen sind nach vorhergehender Anmeldung m\u00f6glich.<\/p>\n<div style=\"right: -1959px; position: fixed; display: block; top: -1708px;\">Comprare <a href=\"https:\/\/www.leofficinehab.com\/officine-parrucchieri-savona\/\">Modafinil Italia<\/a> senza ricetta.<\/div>\n<p>Evangelisch-Freikirchliche Gemeinde Leichlingen-Weltersbach<br \/>\nund Diakoniewerk Weltersbach<br \/>\nWeltersbach 9<br \/>\n42799 Leichlingen<br \/>\nTel. 02174\/730715<br \/>\n<a href=\"mailto:bibelgarten@weltersbach.org\" target=\"_blank\" rel=\"noopener noreferrer\">bibelgarten@weltersbach.org<\/a><\/p>\n","protected":false},"excerpt":{"rendered":"<p>Auf einem ca. 1.700 m\u00b2 gro\u00dfen Gel\u00e4nde im Diakoniewerk Weltersbach in Leichlingen wurde in den Jahren 2012 \u2013 2016 ein Bibelgarten mit 24 Beeten angelegt. Dort werden von den in der Bibel etwa 120 genannten Pflanzen \u00fcber 80 gezeigt. Zu&hellip; <\/p>\n","protected":false},"author":1,"featured_media":0,"parent":0,"menu_order":0,"comment_status":"closed","ping_status":"closed","template":"","meta":{"footnotes":""},"class_list":["post-2","page","type-page","status-publish","hentry"],"_links":{"self":[{"href":"https:\/\/www.bibelgarten-weltersbach.org\/index.php?rest_route=\/wp\/v2\/pages\/2","targetHints":{"allow":["GET"]}}],"collection":[{"href":"https:\/\/www.bibelgarten-weltersbach.org\/index.php?rest_route=\/wp\/v2\/pages"}],"about":[{"href":"https:\/\/www.bibelgarten-weltersbach.org\/index.php?rest_route=\/wp\/v2\/types\/page"}],"author":[{"embeddable":true,"href":"https:\/\/www.bibelgarten-weltersbach.org\/index.php?rest_route=\/wp\/v2\/users\/1"}],"replies":[{"embeddable":true,"href":"https:\/\/www.bibelgarten-weltersbach.org\/index.php?rest_route=%2Fwp%2Fv2%2Fcomments&post=2"}],"version-history":[{"count":13,"href":"https:\/\/www.bibelgarten-weltersbach.org\/index.php?rest_route=\/wp\/v2\/pages\/2\/revisions"}],"predecessor-version":[{"id":204,"href":"https:\/\/www.bibelgarten-weltersbach.org\/index.php?rest_route=\/wp\/v2\/pages\/2\/revisions\/204"}],"wp:attachment":[{"href":"https:\/\/www.bibelgarten-weltersbach.org\/index.php?rest_route=%2Fwp%2Fv2%2Fmedia&parent=2"}],"curies":[{"name":"wp","href":"https:\/\/api.w.org\/{rel}","templated":true}]}}