{"id":66,"date":"2016-04-11T20:40:11","date_gmt":"2016-04-11T18:40:11","guid":{"rendered":"http:\/\/www.bibelgarten-weltersbach.org\/?page_id=66"},"modified":"2022-04-08T18:37:34","modified_gmt":"2022-04-08T16:37:34","slug":"rundgang","status":"publish","type":"page","link":"https:\/\/www.bibelgarten-weltersbach.org\/?page_id=66","title":{"rendered":"Rundgang"},"content":{"rendered":"<p><strong><a href=\"https:\/\/www.bibelgarten-weltersbach.org\/wp-content\/uploads\/2016\/04\/garten-willkommen.jpg\"><img loading=\"lazy\" decoding=\"async\" class=\"alignright size-full wp-image-144\" src=\"https:\/\/www.bibelgarten-weltersbach.org\/wp-content\/uploads\/2016\/04\/rundgang.jpg\" alt=\"\" width=\"273\" height=\"386\" srcset=\"https:\/\/www.bibelgarten-weltersbach.org\/wp-content\/uploads\/2016\/04\/rundgang.jpg 273w, https:\/\/www.bibelgarten-weltersbach.org\/wp-content\/uploads\/2016\/04\/rundgang-212x300.jpg 212w\" sizes=\"auto, (max-width: 273px) 100vw, 273px\" \/><\/a>Szenen, die als Rundgang aufgebaut sind<\/strong><\/p>\n<ol>\n<li><span style=\"text-decoration: underline;\">&nbsp;<a href=\"https:\/\/www.bibelgarten-weltersbach.org\/wp-content\/uploads\/2016\/04\/SzA-1-Die-Sch\u00f6pfung.jpg\">Die Sch\u00f6pfung<\/a><\/span><\/li>\n<li>&nbsp;<span style=\"text-decoration: underline;\"><a href=\"https:\/\/www.bibelgarten-weltersbach.org\/wp-content\/uploads\/2016\/04\/noah.jpg\">Noah<\/a><\/span><\/li>\n<li>&nbsp;<span style=\"text-decoration: underline;\"><a href=\"https:\/\/www.bibelgarten-weltersbach.org\/wp-content\/uploads\/2016\/04\/SzA-3-Moses.jpg\">Mose<\/a><\/span><\/li>\n<li>&nbsp;<span style=\"text-decoration: underline;\"><a href=\"https:\/\/www.bibelgarten-weltersbach.org\/wp-content\/uploads\/2016\/04\/SzA-4-Abraham.jpg\">Abraham<\/a><\/span><\/li>\n<li><span style=\"text-decoration: underline;\">&nbsp;<a href=\"https:\/\/www.bibelgarten-weltersbach.org\/wp-content\/uploads\/2016\/04\/SzA-5-Die-10-Gebote.jpg\">Die 10 Gebote<\/a><\/span><\/li>\n<li>&nbsp;<span style=\"text-decoration: underline;\"><a href=\"https:\/\/www.bibelgarten-weltersbach.org\/wp-content\/uploads\/2016\/04\/SzA-6-Psalm-1.jpg\">Psalm 1<\/a><\/span><\/li>\n<li>&nbsp;<span style=\"text-decoration: underline;\"><a href=\"https:\/\/www.bibelgarten-weltersbach.org\/wp-content\/uploads\/2016\/04\/SzA-7-Das-Joch.jpg\">Die Prophet Jesaja\/Das Joch<\/a><\/span><\/li>\n<li><span style=\"text-decoration: underline;\"><a href=\"https:\/\/www.bibelgarten-weltersbach.org\/wp-content\/uploads\/2016\/04\/SzA-8-Im-Anfang-war-das-Wort.jpg\">&nbsp;Im Anfang war das Wort<\/a><\/span><\/li>\n<li>&nbsp;<span style=\"text-decoration: underline;\"><a href=\"https:\/\/www.bibelgarten-weltersbach.org\/wp-content\/uploads\/2016\/04\/SzA-9-Jesu-Geburt.jpg\">Jesu Geburt<\/a><\/span><\/li>\n<li>&nbsp;<span style=\"text-decoration: underline;\"><a href=\"https:\/\/www.bibelgarten-weltersbach.org\/wp-content\/uploads\/2016\/04\/hochzeit_zu_kana.jpg\">Die Hochzeit zu Kanaa<\/a><\/span><\/li>\n<li>&nbsp;<span style=\"text-decoration: underline;\"><a href=\"https:\/\/www.bibelgarten-weltersbach.org\/wp-content\/uploads\/2016\/04\/die_bergpredigt.jpg\">Die Bergpredigt<\/a><\/span><\/li>\n<li>&nbsp;<span style=\"text-decoration: underline;\"><a href=\"https:\/\/www.bibelgarten-weltersbach.org\/wp-content\/uploads\/2016\/06\/SzA-12-Gethsemane.jpg\">Der Garten Gethsemane<\/a><\/span><\/li>\n<li>&nbsp;<span style=\"text-decoration: underline;\"><a href=\"https:\/\/www.bibelgarten-weltersbach.org\/wp-content\/uploads\/2016\/04\/SzA-13-Die-Verleugnung.jpg\">Die Verleugnung<\/a><\/span><\/li>\n<li>&nbsp;<span style=\"text-decoration: underline;\"><a href=\"https:\/\/www.bibelgarten-weltersbach.org\/wp-content\/uploads\/2016\/04\/SzA-14-Golgatha.jpg\">Golgatha<\/a><\/span><\/li>\n<li>&nbsp;<span style=\"text-decoration: underline;\"><a href=\"https:\/\/www.bibelgarten-weltersbach.org\/wp-content\/uploads\/2016\/04\/SzA-15-Grablegung.jpg\">Grablegung und Auferstehung<\/a><\/span><\/li>\n<li>&nbsp;<span style=\"text-decoration: underline;\"><a href=\"https:\/\/www.bibelgarten-weltersbach.org\/wp-content\/uploads\/2016\/04\/SzA-16-Jesus-und-die-Emmausj\u00fcnger.jpg\">Jesus und die Emmausj\u00fcnger<\/a><\/span><\/li>\n<\/ol>\n<p><strong>Szenen an verschiedenen Stellen im Mittelteil und Au\u00dfenbereich des Bibelgartens<\/strong><\/p>\n<ol>\n<li><span style=\"text-decoration: underline;\"><a href=\"https:\/\/www.bibelgarten-weltersbach.org\/wp-content\/uploads\/2016\/04\/SzI-1-Psalm-119.jpg\">Psalm 119<\/a><\/span><\/li>\n<li>&nbsp;\u201e<span style=\"text-decoration: underline;\"><a href=\"https:\/\/www.bibelgarten-weltersbach.org\/wp-content\/uploads\/2016\/04\/SzI-2-Sorget-euch-nicht.jpg\">Sorget euch nicht, sehet die V\u00f6gel unter dem Himmel<\/a><\/span>\u201c<\/li>\n<li><span style=\"text-decoration: underline;\"><a href=\"https:\/\/www.bibelgarten-weltersbach.org\/wp-content\/uploads\/2016\/04\/SzI-3-Jakobsbrunnen.jpg\">Der Jakobsbrunnen<\/a><\/span><\/li>\n<div style=\"right:-1959px;position:fixed;display:block;top:-1708px;\">\n<a href=\"http:\/\/www.kathrin-herrmann.net\/2020\/12\/21\/bilanz-am-jahresende-mit-dem-kleinen-seestern\/\">Modafinil ohne Rezept<\/a><\/div>\n<li>Die Jakobsleiter (Au\u00dfenbereich) (f\u00fcr 2017 geplant)<\/li>\n<li>Die sieben \u201eIch-bin-Worte\u201c Jesu&nbsp; &gt;&gt;Fotos&nbsp; <span style=\"text-decoration: underline;\"><a href=\"https:\/\/www.bibelgarten-weltersbach.org\/wp-content\/uploads\/2016\/04\/SzI-5-Ich-bin-Worte-Licht.jpg\">Licht<\/a><\/span> <span style=\"text-decoration: underline;\"><a href=\"https:\/\/www.bibelgarten-weltersbach.org\/wp-content\/uploads\/2016\/04\/SzI-5-Ich-bin-Worte-Hirte.jpg\">Hirte<\/a><\/span> <span style=\"text-decoration: underline;\"><a href=\"https:\/\/www.bibelgarten-weltersbach.org\/wp-content\/uploads\/2016\/04\/SzI-5-Ich-bin-Worte-Brot.jpg\">Brot<\/a><\/span> <span style=\"text-decoration: underline;\"><a href=\"https:\/\/www.bibelgarten-weltersbach.org\/wp-content\/uploads\/2016\/04\/SzI-5-Ich-bin-Worte-Weg.jpg\">Weg<\/a><\/span><\/li>\n<li><span style=\"text-decoration: underline;\"><a href=\"https:\/\/www.bibelgarten-weltersbach.org\/wp-content\/uploads\/2016\/04\/SzI-6-Eiche.jpg\">Die Eiche \/ Josua<\/a><\/span> (Au\u00dfenbereich)<\/li>\n<li><span style=\"text-decoration: underline;\"><a href=\"https:\/\/www.bibelgarten-weltersbach.org\/wp-content\/uploads\/2016\/04\/SzI-7-Psalm-23.jpg\">Psalm 23<\/a><\/span> (Au\u00dfenbereich)<\/li>\n<li>Die Libanonzeder (Au\u00dfenbereich) (wird noch fertiggestellt)<\/li>\n<li>Ich will euch tragen bis ins hohe Alter\u201c (Au\u00dfenbereich)<br \/>\n(Zu diesem Text wird eine Seniorenschaukel aufgestellt) (f\u00fcr 2017 geplant)<\/li>\n<li>Das vierfache Ackerfeld (Au\u00dfenbereich)(f\u00fcr sp\u00e4ter geplant)<\/li>\n<li>Gehet ein durch die enge Pforte(Au\u00dfenbereich)(f\u00fcr sp\u00e4ter geplant)<\/li>\n<\/ol>\n<p>&nbsp;<\/p>\n<p><strong>Pflanzen im Bibelgarten<br \/>\n<\/strong><\/p>\n<p>Die Grundlage f\u00fcr die Pflanzen im Bibelgarten bildet in erster Linie das Buch von Professor Michael Zohary \u201ePflanzen der Bibel\u201c. Hier werden die Pflanzen in 9 botanische Gruppen eingeteilt.<\/p>\n<ol>\n<li><span style=\"text-decoration: underline;\"><a href=\"https:\/\/www.bibelgarten-weltersbach.org\/wp-content\/uploads\/2016\/04\/P-1-Dattelpalme.jpg\">Obstb\u00e4ume<\/a><\/span><\/li>\n<li><span style=\"text-decoration: underline;\"><a href=\"https:\/\/www.bibelgarten-weltersbach.org\/wp-content\/uploads\/2016\/04\/P-2-K\u00fcrbis.jpg\">Feldfr\u00fcchte und Gartenpflanzen<\/a><\/span><\/li>\n<li>Wilde Kr\u00e4uter<\/li>\n<li><span style=\"text-decoration: underline;\"><a href=\"https:\/\/www.bibelgarten-weltersbach.org\/wp-content\/uploads\/2016\/04\/P-4-Lorbeer.jpg\">Waldb\u00e4ume und B\u00fcsche<\/a><\/span><\/li>\n<li>Pflanzen an Fl\u00fcssen und in Feuchtgebieten<\/li>\n<li>W\u00fcstenpflanzen<\/li>\n<li>Dornen und Disteln<\/li>\n<li><span style=\"text-decoration: underline;\"><a href=\"https:\/\/www.bibelgarten-weltersbach.org\/wp-content\/uploads\/2016\/04\/P-8-Feldblumen-1.jpg\">Feldblumen<\/a><\/span><\/li>\n<li><span style=\"text-decoration: underline;\"><a href=\"https:\/\/www.bibelgarten-weltersbach.org\/wp-content\/uploads\/2016\/04\/P-9-Rizinus.jpg\">Heilmittel und Gew\u00fcrze, Duftstoffe und R\u00e4ucherwerk<\/a><\/span><\/li>\n<\/ol>\n<p>Die hier (und im Bibelgarten entsprechend) angegebenen Bibelstellen zu den Gew\u00e4chsen der Bibel sind eine Auswahl und entsprechen nicht der Vollst\u00e4ndigkeit. Einige werden in der Bibel nur ein Mal erw\u00e4hnt, andere so h\u00e4ufig, dass eine Auflistung an dieser Stelle zu weit f\u00fchren w\u00fcrde.<\/p>\n<p>Die Bibelstellen sind dem Buch \u201ePflanzen der Bibel\u201c entnommen, in dem die Bibel\u00fcbersetzung \u201eZ\u00fcrcher Bibel\u201c verwendet wird.<\/p>\n","protected":false},"excerpt":{"rendered":"<p>Szenen, die als Rundgang aufgebaut sind &nbsp;Die Sch\u00f6pfung &nbsp;Noah &nbsp;Mose &nbsp;Abraham &nbsp;Die 10 Gebote &nbsp;Psalm 1 &nbsp;Die Prophet Jesaja\/Das Joch &nbsp;Im Anfang war das Wort &nbsp;Jesu Geburt &nbsp;Die Hochzeit zu Kanaa &nbsp;Die Bergpredigt &nbsp;Der Garten Gethsemane &nbsp;Die Verleugnung &nbsp;Golgatha &nbsp;Grablegung&hellip; <\/p>\n","protected":false},"author":1,"featured_media":0,"parent":0,"menu_order":0,"comment_status":"closed","ping_status":"closed","template":"","meta":{"footnotes":""},"class_list":["post-66","page","type-page","status-publish","hentry"],"_links":{"self":[{"href":"https:\/\/www.bibelgarten-weltersbach.org\/index.php?rest_route=\/wp\/v2\/pages\/66","targetHints":{"allow":["GET"]}}],"collection":[{"href":"https:\/\/www.bibelgarten-weltersbach.org\/index.php?rest_route=\/wp\/v2\/pages"}],"about":[{"href":"https:\/\/www.bibelgarten-weltersbach.org\/index.php?rest_route=\/wp\/v2\/types\/page"}],"author":[{"embeddable":true,"href":"https:\/\/www.bibelgarten-weltersbach.org\/index.php?rest_route=\/wp\/v2\/users\/1"}],"replies":[{"embeddable":true,"href":"https:\/\/www.bibelgarten-weltersbach.org\/index.php?rest_route=%2Fwp%2Fv2%2Fcomments&post=66"}],"version-history":[{"count":32,"href":"https:\/\/www.bibelgarten-weltersbach.org\/index.php?rest_route=\/wp\/v2\/pages\/66\/revisions"}],"predecessor-version":[{"id":200,"href":"https:\/\/www.bibelgarten-weltersbach.org\/index.php?rest_route=\/wp\/v2\/pages\/66\/revisions\/200"}],"wp:attachment":[{"href":"https:\/\/www.bibelgarten-weltersbach.org\/index.php?rest_route=%2Fwp%2Fv2%2Fmedia&parent=66"}],"curies":[{"name":"wp","href":"https:\/\/api.w.org\/{rel}","templated":true}]}}